{"id":686,"date":"2026-02-16T12:34:12","date_gmt":"2026-02-16T12:34:12","guid":{"rendered":"https:\/\/heiliger-sergius-kirche.berlin\/?page_id=686"},"modified":"2026-02-17T23:31:38","modified_gmt":"2026-02-17T23:31:38","slug":"%d1%82%d0%b0%d0%b8%d0%bd%d1%81%d1%82%d0%b2%d0%be-%d0%b2%d0%b5%d0%bd%d1%87%d0%b0%d0%bd%d0%b8%d1%8f","status":"publish","type":"page","link":"https:\/\/heiliger-sergius-kirche.berlin\/de_de\/%d1%82%d0%b0%d0%b8%d0%bd%d1%81%d1%82%d0%b2%d0%be-%d0%b2%d0%b5%d0%bd%d1%87%d0%b0%d0%bd%d0%b8%d1%8f\/","title":{"rendered":"Sakrament der Ehe"},"content":{"rendered":"<h2 class=\"wp-block-heading\">Sakrament der Ehe<\/h2>\n\n\n\n<figure class=\"wp-block-image size-full is-resized\"><img loading=\"lazy\" decoding=\"async\" width=\"604\" height=\"486\" src=\"https:\/\/heiliger-sergius-kirche.berlin\/wp-content\/uploads\/2026\/02\/614c9ccc1355dd4adf9ce5a2dfe970ed.jpg\" alt=\"\" class=\"wp-image-687\" style=\"width:672px;height:auto\" srcset=\"https:\/\/heiliger-sergius-kirche.berlin\/wp-content\/uploads\/2026\/02\/614c9ccc1355dd4adf9ce5a2dfe970ed.jpg 604w, https:\/\/heiliger-sergius-kirche.berlin\/wp-content\/uploads\/2026\/02\/614c9ccc1355dd4adf9ce5a2dfe970ed-300x241.jpg 300w\" sizes=\"auto, (max-width: 604px) 100vw, 604px\" \/><\/figure>\n\n\n\n<p><strong>Das Sakrament der Ehe<\/strong> ist ein Sakrament der Orthodoxen Kirche, bei dem die christliche Ehe gesegnet wird. Den Eheleuten wird die Gnade des Heiligen Geistes f\u00fcr ein gemeinsames Leben in Liebe und Treue sowie zur Zeugung von Kindern geschenkt. Die Ehe wird dabei nicht nur als Verbindung zweier Menschen, sondern als geistliche Einheit in Christus, als Weg gegenseitiger Erl\u00f6sung und des Dienens f\u00fcreinander verstanden.<\/p>\n\n\n\n<p>Die kirchliche Ehe gr\u00fcndet auf dem freien Willen von Br\u00e4utigam und Braut, ihrem Glauben und ihrer Bereitschaft, die Familie nach den christlichen Geboten aufzubauen.<\/p>\n\n\n\n<h3 class=\"wp-block-heading\">Der geistliche Sinn des Sakraments<\/h3>\n\n\n\n<p>Die Ehe symbolisiert die Einheit Christi mit der Kirche. Die Eheleute versprechen, einander in Treue zu begleiten, sich in Freude und Herausforderungen zu unterst\u00fctzen und gemeinsam im Glauben zu wachsen. Die auf die K\u00f6pfe von Br\u00e4utigam und Braut gelegten Kronen stehen zugleich f\u00fcr die k\u00f6nigliche W\u00fcrde der Familie und das Zeugnis der selbstlosen Liebe.<\/p>\n\n\n\n<h3 class=\"wp-block-heading\">Wie verl\u00e4uft das Sakrament der Ehe?<\/h3>\n\n\n\n<p>Das Sakrament der Ehe beinhaltet folgende Elemente:<\/p>\n\n\n\n<ul class=\"wp-block-list\">\n<li>Verlobung (Segnung und Ringtausch)<\/li>\n\n\n\n<li>Auflegen der Traukronen<\/li>\n\n\n\n<li>Gemeinsames Trinken aus dem Weinbecher<\/li>\n\n\n\n<li>Dreifaches Umgehen um den Analogion<\/li>\n\n\n\n<li>Gebete um den Segen f\u00fcr die Familie<\/li>\n<\/ul>\n\n\n\n<p>Vorbereitung zum Sakrament der Ehe<\/p>\n\n\n\n<h3 class=\"wp-block-heading\">Geistige Vorbereitung<\/h3>\n\n\n\n<p>Es wird empfohlen:<\/p>\n\n\n\n<ul class=\"wp-block-list\">\n<li>vor dem Sakrament der Ehe zu beichten und die Heilige Kommunion zu empfangen<\/li>\n\n\n\n<li>den Gottesdienst am Vorabend zu besuchen<\/li>\n\n\n\n<li>um Segen f\u00fcr die zuk\u00fcnftige Ehe zu beten<\/li>\n\n\n\n<li>Geistliche Fragen im Gespr\u00e4ch mit dem Priester zu kl\u00e4ren<\/li>\n<\/ul>\n\n\n\n<p>Wichtig ist, dass beide Ehepartner getaufte orthodoxe Christen sind und die kirchliche Ehe bewusst annehmen.<\/p>\n\n\n\n<h6 class=\"wp-block-heading\">Leseempfehlung<\/h6>\n\n\n\n<p>Zum besseren Verst\u00e4ndnis des christlichen Eheverst\u00e4ndnisses ist es hilfreich, folgende Texte zu lesen:<\/p>\n\n\n\n<ul class=\"wp-block-list\">\n<li>Evangelium<\/li>\n\n\n\n<li>den Brief des Apostels Paulus an die Epheser (Kapitel 5 \u00fcber die Familie)<\/li>\n\n\n\n<li>die orthodoxe Lehre \u00fcber Ehe und Familie<\/li>\n\n\n\n<li>Gebete f\u00fcr das Ehe- und Familienleben<\/li>\n<\/ul>\n\n\n\n<h3 class=\"wp-block-heading\">Praktische Vorbereitung<\/h3>\n\n\n\n<p>\u00dcblicherweise ist vorzubereiten:<\/p>\n\n\n\n<ul class=\"wp-block-list\">\n<li>Nachweis der standesamtlichen Eheschlie\u00dfung<\/li>\n\n\n\n<li>Eheringe<\/li>\n\n\n\n<li>Traukerzen<\/li>\n\n\n\n<li>Ruschnyk (traditionelles Tuch, das unter die F\u00fc\u00dfe gelegt wird)<\/li>\n\n\n\n<li>Ikonen des Erl\u00f6sers und der Gottesmutter<\/li>\n<\/ul>\n\n\n\n<p><strong>Das Sakrament der Ehe darf nur in Anwesenheit der staatlichen Heiratsurkunde vollzogen werden.<\/strong><\/p>\n\n\n\n<p><em>Das Sakrament der Ehe findet in unserer Kirche nach vorheriger Vereinbarung mit dem Priester statt.<\/em><\/p>","protected":false},"excerpt":{"rendered":"<p>\u0422\u0430\u0438\u043d\u0441\u0442\u0432\u043e \u0412\u0435\u043d\u0447\u0430\u043d\u0438\u044f \u0412\u0435\u043d\u0447\u0430\u043d\u0438\u0435 \u2014 \u044d\u0442\u043e \u0442\u0430\u0438\u043d\u0441\u0442\u0432\u043e \u041f\u0440\u0430\u0432\u043e\u0441\u043b\u0430\u0432\u043d\u043e\u0439 \u0426\u0435\u0440\u043a\u0432\u0438, \u0432 \u043a\u043e\u0442\u043e\u0440\u043e\u043c \u0431\u043b\u0430\u0433\u043e\u0441\u043b\u043e\u0432\u043b\u044f\u0435\u0442\u0441\u044f \u0445\u0440\u0438\u0441\u0442\u0438\u0430\u043d\u0441\u043a\u0438\u0439 \u0431\u0440\u0430\u043a, \u0441\u0443\u043f\u0440\u0443\u0433\u0430\u043c \u043f\u043e\u0434\u0430\u0451\u0442\u0441\u044f \u0431\u043b\u0430\u0433\u043e\u0434\u0430\u0442\u044c \u0421\u0432\u044f\u0442\u043e\u0433\u043e \u0414\u0443\u0445\u0430 \u0434\u043b\u044f \u0441\u043e\u0432\u043c\u0435\u0441\u0442\u043d\u043e\u0439 \u0436\u0438\u0437\u043d\u0438, \u043b\u044e\u0431\u0432\u0438, \u0432\u0435\u0440\u043d\u043e\u0441\u0442\u0438 \u0438 \u0440\u043e\u0436\u0434\u0435\u043d\u0438\u044f \u0434\u0435\u0442\u0435\u0439. \u0411\u0440\u0430\u043a \u043f\u043e\u043d\u0438\u043c\u0430\u0435\u0442\u0441\u044f \u043d\u0435 \u0442\u043e\u043b\u044c\u043a\u043e \u043a\u0430\u043a \u0441\u043e\u044e\u0437 \u0434\u0432\u0443\u0445 \u043b\u044e\u0434\u0435\u0439, \u043d\u043e \u043a\u0430\u043a \u0434\u0443\u0445\u043e\u0432\u043d\u043e\u0435 \u0435\u0434\u0438\u043d\u0441\u0442\u0432\u043e \u0432\u043e \u0425\u0440\u0438\u0441\u0442\u0435, \u043f\u0443\u0442\u044c \u0432\u0437\u0430\u0438\u043c\u043d\u043e\u0433\u043e \u0441\u043f\u0430\u0441\u0435\u043d\u0438\u044f \u0438 \u0441\u043b\u0443\u0436\u0435\u043d\u0438\u044f \u0434\u0440\u0443\u0433 \u0434\u0440\u0443\u0433\u0443. \u0426\u0435\u0440\u043a\u043e\u0432\u043d\u044b\u0439 \u0431\u0440\u0430\u043a \u043e\u0441\u043d\u043e\u0432\u0430\u043d \u043d\u0430 \u0441\u0432\u043e\u0431\u043e\u0434\u043d\u043e\u043c \u0441\u043e\u0433\u043b\u0430\u0441\u0438\u0438 \u0436\u0435\u043d\u0438\u0445\u0430 \u0438 [&hellip;]<\/p>\n","protected":false},"author":1,"featured_media":0,"parent":0,"menu_order":0,"comment_status":"closed","ping_status":"closed","template":"page-with-title","meta":{"footnotes":""},"class_list":["post-686","page","type-page","status-publish","hentry"],"_links":{"self":[{"href":"https:\/\/heiliger-sergius-kirche.berlin\/de_de\/wp-json\/wp\/v2\/pages\/686","targetHints":{"allow":["GET"]}}],"collection":[{"href":"https:\/\/heiliger-sergius-kirche.berlin\/de_de\/wp-json\/wp\/v2\/pages"}],"about":[{"href":"https:\/\/heiliger-sergius-kirche.berlin\/de_de\/wp-json\/wp\/v2\/types\/page"}],"author":[{"embeddable":true,"href":"https:\/\/heiliger-sergius-kirche.berlin\/de_de\/wp-json\/wp\/v2\/users\/1"}],"replies":[{"embeddable":true,"href":"https:\/\/heiliger-sergius-kirche.berlin\/de_de\/wp-json\/wp\/v2\/comments?post=686"}],"version-history":[{"count":12,"href":"https:\/\/heiliger-sergius-kirche.berlin\/de_de\/wp-json\/wp\/v2\/pages\/686\/revisions"}],"predecessor-version":[{"id":837,"href":"https:\/\/heiliger-sergius-kirche.berlin\/de_de\/wp-json\/wp\/v2\/pages\/686\/revisions\/837"}],"wp:attachment":[{"href":"https:\/\/heiliger-sergius-kirche.berlin\/de_de\/wp-json\/wp\/v2\/media?parent=686"}],"curies":[{"name":"wp","href":"https:\/\/api.w.org\/{rel}","templated":true}]}}