{"id":338,"date":"2026-02-14T14:11:04","date_gmt":"2026-02-14T14:11:04","guid":{"rendered":"https:\/\/heiliger-sergius-kirche.berlin\/?page_id=338"},"modified":"2026-03-06T22:31:54","modified_gmt":"2026-03-06T22:31:54","slug":"%d0%b4%d1%83%d1%85%d0%be%d0%b2%d0%b5%d0%bd%d1%81%d1%82%d0%b2%d0%be","status":"publish","type":"page","link":"https:\/\/heiliger-sergius-kirche.berlin\/de_de\/%d0%b4%d1%83%d1%85%d0%be%d0%b2%d0%b5%d0%bd%d1%81%d1%82%d0%b2%d0%be\/","title":{"rendered":"Klerus"},"content":{"rendered":"<h2 class=\"wp-block-heading\">Vorsteher der Kirche des Heiligen Sergius von Radonesch<\/h2>\n\n\n\n<div class=\"wp-block-group alignfull is-style-ext-preset--group--natural-1--section has-background-background-color has-background has-global-padding is-layout-constrained wp-block-group-is-layout-constrained\" style=\"margin-top:0;margin-bottom:0;padding-top:var(--wp--preset--spacing--70);padding-bottom:var(--wp--preset--spacing--70)\">\n<div class=\"wp-block-columns alignwide are-vertically-aligned-center is-layout-flex wp-container-core-columns-is-layout-174606dc wp-block-columns-is-layout-flex\">\n<div class=\"wp-block-column is-vertically-aligned-center is-layout-flow wp-block-column-is-layout-flow\">\n<figure class=\"wp-block-gallery has-nested-images columns-default is-cropped wp-block-gallery-4 is-layout-flex wp-block-gallery-is-layout-flex\">\n<figure class=\"wp-block-image size-full is-style-ext-preset--image--natural-1--image-1--content-right wp-duotone-unset-3 is-style-ext-preset--image--natural-1--image-1--content-right--2\"><img loading=\"lazy\" decoding=\"async\" width=\"300\" height=\"451\" data-id=\"341\" src=\"https:\/\/heiliger-sergius-kirche.berlin\/wp-content\/uploads\/2026\/02\/017b_0ee87946a2.jpg-1.webp\" alt=\"\" class=\"wp-image-341\" style=\"object-fit:cover\" srcset=\"https:\/\/heiliger-sergius-kirche.berlin\/wp-content\/uploads\/2026\/02\/017b_0ee87946a2.jpg-1.webp 300w, https:\/\/heiliger-sergius-kirche.berlin\/wp-content\/uploads\/2026\/02\/017b_0ee87946a2.jpg-1-200x300.webp 200w\" sizes=\"auto, (max-width: 300px) 100vw, 300px\" \/><\/figure>\n<\/figure>\n<\/div>\n\n\n\n<div class=\"wp-block-column is-vertically-aligned-center is-layout-flow wp-block-column-is-layout-flow\">\n<div class=\"wp-block-group alignwide is-vertical is-layout-flex wp-container-core-group-is-layout-c35747d5 wp-block-group-is-layout-flex\">\n<div class=\"wp-block-group has-global-padding is-layout-constrained wp-container-core-group-is-layout-dd32767c wp-block-group-is-layout-constrained\">\n<h2 class=\"wp-block-heading\">\u0410\u0440\u0445\u0438\u0435\u043f\u0438\u0441\u043a\u043e\u043f \u0422\u0438\u0445\u043e\u043d (\u0417\u0430\u0439\u0446\u0435\u0432)<\/h2>\n\n\n\n<p><strong>\u0430\u0440\u0445\u0438\u0435\u043f\u0438\u0441\u043a\u043e\u043f \u0420\u0443\u0437\u0441\u043a\u0438\u0439, \u0443\u043f\u0440\u0430\u0432\u043b\u044f\u044e\u0449\u0438\u0439 \u0411\u0435\u0440\u043b\u0438\u043d\u0441\u043a\u043e-\u0413\u0435\u0440\u043c\u0430\u043d\u0441\u043a\u043e\u0439 \u0435\u043f\u0430\u0440\u0445\u0438\u0435\u0439<\/strong><\/p>\n\n\n\n<p>\u0420\u043e\u0434\u0438\u043b\u0441\u044f 13 \u0430\u043f\u0440\u0435\u043b\u044f 1967 \u0433. \u0432 \u041c\u043e\u0441\u043a\u0432\u0435. \u0412 1993 \u0433. \u043f\u043e\u0441\u0442\u0440\u0438\u0436\u0435\u043d \u0432 \u043c\u043e\u043d\u0430\u0448\u0435\u0441\u0442\u0432\u043e \u0441 \u0438\u043c\u0435\u043d\u0435\u043c \u0422\u0438\u0445\u043e\u043d \u0432 \u0447\u0435\u0441\u0442\u044c \u0441\u0432\u044f\u0442\u0438\u0442\u0435\u043b\u044f \u0422\u0438\u0445\u043e\u043d\u0430, \u041f\u0430\u0442\u0440\u0438\u0430\u0440\u0445\u0430 \u0412\u0441\u0435\u0440\u043e\u0441\u0441\u0438\u0439\u0441\u043a\u043e\u0433\u043e, \u0440\u0443\u043a\u043e\u043f\u043e\u043b\u043e\u0436\u0435\u043d \u0432\u043e \u0434\u0438\u0430\u043a\u043e\u043d\u0430. \u0412 1995 \u0433. \u043e\u043a\u043e\u043d\u0447\u0438\u043b \u041c\u043e\u0441\u043a\u043e\u0432\u0441\u043a\u0443\u044e \u0434\u0443\u0445\u043e\u0432\u043d\u0443\u044e \u0441\u0435\u043c\u0438\u043d\u0430\u0440\u0438\u044e \u0438 \u0430\u043a\u0430\u0434\u0435\u043c\u0438\u044e. \u041f\u0440\u0435\u043f\u043e\u0434\u0430\u0432\u0430\u043b \u043b\u0438\u0442\u0443\u0440\u0433\u0438\u043a\u0443, \u0433\u043e\u043c\u0438\u043b\u0435\u0442\u0438\u043a\u0443 \u0438 \u0434\u0440\u0435\u0432\u043d\u0435\u0433\u0440\u0435\u0447\u0435\u0441\u043a\u0438\u0439 \u044f\u0437\u044b\u043a. \u0412 1996 \u0433. \u2014 \u0432 \u0441\u0430\u043d \u043f\u0440\u0435\u0441\u0432\u0438\u0442\u0435\u0440\u0430. \u0412 2009 \u0433. \u0420\u0443\u043a\u043e\u043f\u043e\u043b\u043e\u0436\u0435\u043d \u0432\u043e \u0435\u043f\u0438\u0441\u043a\u043e\u043f\u0430. 28 \u0434\u0435\u043a\u0430\u0440\u044f 2017 \u0433. \u043d\u0430\u0437\u043d\u0430\u0447\u0435\u043d \u0443\u043f\u0440\u0430\u0432\u043b\u044f\u044e\u0449\u0438\u043c \u0411\u0435\u0440\u043b\u0438\u043d\u0441\u043a\u043e-\u0413\u0435\u0440\u043c\u0430\u043d\u0441\u043a\u043e\u0439 \u0435\u043f\u0430\u0440\u0445\u0438\u0435\u0439. 1 \u0444\u0435\u0432\u0440\u0430\u043b\u044f 2018 \u0433\u043e\u0434\u0430 \u0432\u043e\u0437\u0432\u0435\u0434\u0435\u043d \u0432 \u0441\u0430\u043d \u0430\u0440\u0445\u0438\u0435\u043f\u0438\u0441\u043a\u043e\u043f\u0430.<\/p>\n<\/div>\n<\/div>\n<\/div>\n<\/div>\n<\/div>\n\n\n\n<div class=\"wp-block-group alignfull is-style-ext-preset--group--natural-1--section has-tertiary-background-color has-background has-global-padding is-layout-constrained wp-container-core-group-is-layout-e955bbaf wp-block-group-is-layout-constrained\" style=\"margin-top:0;margin-bottom:0;padding-top:var(--wp--preset--spacing--70);padding-bottom:var(--wp--preset--spacing--70)\">\n<div class=\"wp-block-group alignwide is-vertical is-content-justification-center is-layout-flex wp-container-core-group-is-layout-c9ee0c5a wp-block-group-is-layout-flex\">\n<div class=\"wp-block-group has-global-padding is-layout-constrained wp-container-core-group-is-layout-2287c683 wp-block-group-is-layout-constrained\">\n<h2 class=\"wp-block-heading has-text-align-center\">\u041a\u043b\u0438\u0440\u0438\u043a\u0438 \u0445\u0440\u0430\u043c\u0430 \u043f\u0440\u043f. \u0421\u0435\u0440\u0433\u0438\u044f \u0420\u0430\u0434\u043e\u043d\u0435\u0436\u0441\u043a\u043e\u0433\u043e<\/h2>\n<\/div>\n<\/div>\n\n\n\n<div class=\"wp-block-columns alignwide is-layout-flex wp-container-core-columns-is-layout-08c01c1c wp-block-columns-is-layout-flex\">\n<div class=\"wp-block-column is-vertically-aligned-stretch is-layout-flow wp-block-column-is-layout-flow\">\n<div class=\"wp-block-group is-style-ext-preset--group--natural-1--item-card-1--align-center has-global-padding is-layout-constrained wp-block-group-is-layout-constrained is-style-ext-preset--group--natural-1--item-card-1--align-center--6\">\n<figure class=\"wp-block-gallery has-nested-images columns-default is-cropped wp-block-gallery-7 is-layout-flex wp-block-gallery-is-layout-flex\">\n<figure class=\"wp-block-image size-large\"><img loading=\"lazy\" decoding=\"async\" width=\"682\" height=\"1024\" data-id=\"357\" src=\"https:\/\/heiliger-sergius-kirche.berlin\/wp-content\/uploads\/2026\/02\/GUR_1020-682x1024.jpg\" alt=\"\" class=\"wp-image-357\" style=\"object-fit:cover\" srcset=\"https:\/\/heiliger-sergius-kirche.berlin\/wp-content\/uploads\/2026\/02\/GUR_1020-682x1024.jpg 682w, https:\/\/heiliger-sergius-kirche.berlin\/wp-content\/uploads\/2026\/02\/GUR_1020-200x300.jpg 200w, https:\/\/heiliger-sergius-kirche.berlin\/wp-content\/uploads\/2026\/02\/GUR_1020-768x1154.jpg 768w, https:\/\/heiliger-sergius-kirche.berlin\/wp-content\/uploads\/2026\/02\/GUR_1020-1022x1536.jpg 1022w, https:\/\/heiliger-sergius-kirche.berlin\/wp-content\/uploads\/2026\/02\/GUR_1020-1363x2048.jpg 1363w, https:\/\/heiliger-sergius-kirche.berlin\/wp-content\/uploads\/2026\/02\/GUR_1020-scaled.jpg 1704w\" sizes=\"auto, (max-width: 682px) 100vw, 682px\" \/><\/figure>\n<\/figure>\n\n\n\n<div class=\"wp-block-group is-style-default has-global-padding is-layout-constrained wp-block-group-is-layout-constrained\">\n<h3 class=\"wp-block-heading\" style=\"font-size:clamp(14px, 0.875rem + ((1vw - 3.2px) * 0.625), 20px);\">Priester Oleg Beltek<\/h3>\n\n\n\n<p style=\"margin-top:0;margin-bottom:0;font-size:clamp(14px, 0.875rem + ((1vw - 3.2px) * 0.417), 18px);\">\u043a\u043b\u0438\u0440\u0438\u043a \u0445\u0440\u0430\u043c\u0430<\/p>\n\n\n\n<p>\u0420\u043e\u0434\u0438\u043b\u0441\u044f 23.02.1988. \u041e\u043a\u043e\u043d\u0447\u0438\u043b \u0421\u0430\u043d\u043a\u0442-\u041f\u0435\u0442\u0435\u0440\u0431\u0443\u0440\u0433\u0441\u043a\u0443\u044e \u043f\u0440\u0430\u0432\u043e\u0441\u043b\u0430\u0432\u043d\u0443\u044e \u0434\u0443\u0445\u043e\u0432\u043d\u0443\u044e \u0441\u0435\u043c\u0438\u043d\u0430\u0440\u0438\u044e \u0438 \u0430\u043a\u0430\u0434\u0435\u043c\u0438\u044e \u0432 2018 \u0433\u043e\u0434\u0443. 14 \u0430\u043f\u0440\u0435\u043b\u044f 2109 \u0433\u043e\u0434\u0430 \u0431\u044b\u043b \u0440\u0443\u043a\u043e\u043f\u043e\u043b\u043e\u0436\u0435\u043d \u0432 \u0441\u0430\u043d \u0434\u0438\u0430\u043a\u043e\u043d\u0430. 6 \u0438\u044e\u043d\u044f 2019 \u0433\u043e\u0434\u0430 \u0431\u044b\u043b \u0440\u0443\u043a\u043e\u043f\u043e\u043b\u043e\u0436\u0435\u043d \u0432 \u0441\u0430\u043d \u043f\u0440\u0435\u0441\u0432\u0438\u0442\u0435\u0440\u0430. \u0416\u0435\u043d\u0430\u0442.<\/p>\n\n\n\n<ul class=\"wp-block-social-links has-normal-icon-size has-icon-color is-style-logos-only is-content-justification-center is-layout-flex wp-container-core-social-links-is-layout-4ee90c78 wp-block-social-links-is-layout-flex\" style=\"margin-top:24px\">\n\n\n\n<\/ul>\n<\/div>\n<\/div>\n<\/div>\n\n\n\n<div class=\"wp-block-column is-vertically-aligned-stretch is-layout-flow wp-block-column-is-layout-flow\">\n<div class=\"wp-block-group is-style-ext-preset--group--natural-1--item-card-1--align-center has-global-padding is-layout-constrained wp-block-group-is-layout-constrained is-style-ext-preset--group--natural-1--item-card-1--align-center--8\">\n<figure class=\"wp-block-image aligncenter size-full\"><img loading=\"lazy\" decoding=\"async\" width=\"1880\" height=\"2558\" src=\"https:\/\/heiliger-sergius-kirche.berlin\/wp-content\/uploads\/2026\/02\/GUR_0898-scaled-2.jpg\" alt=\"\" class=\"wp-image-378\" srcset=\"https:\/\/heiliger-sergius-kirche.berlin\/wp-content\/uploads\/2026\/02\/GUR_0898-scaled-2.jpg 1880w, https:\/\/heiliger-sergius-kirche.berlin\/wp-content\/uploads\/2026\/02\/GUR_0898-scaled-2-220x300.jpg 220w, https:\/\/heiliger-sergius-kirche.berlin\/wp-content\/uploads\/2026\/02\/GUR_0898-scaled-2-753x1024.jpg 753w, https:\/\/heiliger-sergius-kirche.berlin\/wp-content\/uploads\/2026\/02\/GUR_0898-scaled-2-768x1045.jpg 768w, https:\/\/heiliger-sergius-kirche.berlin\/wp-content\/uploads\/2026\/02\/GUR_0898-scaled-2-1129x1536.jpg 1129w, https:\/\/heiliger-sergius-kirche.berlin\/wp-content\/uploads\/2026\/02\/GUR_0898-scaled-2-1505x2048.jpg 1505w\" sizes=\"auto, (max-width: 1880px) 100vw, 1880px\" \/><\/figure>\n\n\n\n<div class=\"wp-block-group is-style-default has-global-padding is-layout-constrained wp-block-group-is-layout-constrained\">\n<h3 class=\"wp-block-heading\" style=\"font-size:clamp(14px, 0.875rem + ((1vw - 3.2px) * 0.625), 20px);\">\u0414\u0438\u0430\u043a\u043e\u043d \u0420\u043e\u0441\u0442\u0438\u0441\u043b\u0430\u0432 \u0423\u0441\u0442\u0438\u043c\u0435\u043d\u043a\u043e<\/h3>\n\n\n\n<p style=\"margin-top:0;margin-bottom:0;font-size:clamp(14px, 0.875rem + ((1vw - 3.2px) * 0.417), 18px);\">\u043a\u043b\u0438\u0440\u0438\u043a \u0445\u0440\u0430\u043c\u0430<\/p>\n\n\n\n<p>Er unterst\u00fctzt die Liturgie mit tiefem Verst\u00e4ndnis und herzlicher F\u00fcrsorge.<\/p>\n<\/div>\n<\/div>\n<\/div>\n\n\n\n<div class=\"wp-block-column is-vertically-aligned-stretch is-layout-flow wp-block-column-is-layout-flow\">\n<div class=\"wp-block-group is-style-ext-preset--group--natural-1--item-card-1--align-center has-global-padding is-layout-constrained wp-block-group-is-layout-constrained is-style-ext-preset--group--natural-1--item-card-1--align-center--9\">\n<figure class=\"wp-block-image\"><img loading=\"lazy\" decoding=\"async\" width=\"1280\" height=\"1920\" src=\"https:\/\/heiliger-sergius-kirche.berlin\/wp-content\/uploads\/2026\/02\/ad4a7a9e98786fd01a32e2bb82ad02c6c0f18f7a.jpg\" alt=\"\" class=\"wp-image-395\" style=\"aspect-ratio:1;object-fit:cover\" srcset=\"https:\/\/heiliger-sergius-kirche.berlin\/wp-content\/uploads\/2026\/02\/ad4a7a9e98786fd01a32e2bb82ad02c6c0f18f7a.jpg 1280w, https:\/\/heiliger-sergius-kirche.berlin\/wp-content\/uploads\/2026\/02\/ad4a7a9e98786fd01a32e2bb82ad02c6c0f18f7a-200x300.jpg 200w, https:\/\/heiliger-sergius-kirche.berlin\/wp-content\/uploads\/2026\/02\/ad4a7a9e98786fd01a32e2bb82ad02c6c0f18f7a-683x1024.jpg 683w, https:\/\/heiliger-sergius-kirche.berlin\/wp-content\/uploads\/2026\/02\/ad4a7a9e98786fd01a32e2bb82ad02c6c0f18f7a-768x1152.jpg 768w, https:\/\/heiliger-sergius-kirche.berlin\/wp-content\/uploads\/2026\/02\/ad4a7a9e98786fd01a32e2bb82ad02c6c0f18f7a-1024x1536.jpg 1024w\" sizes=\"auto, (max-width: 1280px) 100vw, 1280px\" \/><\/figure>\n\n\n\n<div class=\"wp-block-group is-style-default has-global-padding is-layout-constrained wp-block-group-is-layout-constrained\">\n<h3 class=\"wp-block-heading\" style=\"font-size:clamp(14px, 0.875rem + ((1vw - 3.2px) * 0.625), 20px);\">\u0418\u043f\u043e\u0434\u0438\u0430\u043a\u043e\u043d \u0418\u0433\u043e\u0440\u044c \u041b\u0443\u043a\u043e\u0432\u0435\u043d\u043a\u043e\u0432<\/h3>\n\n\n\n<p><\/p>\n<\/div>\n<\/div>\n<\/div>\n<\/div>\n<\/div>","protected":false},"excerpt":{"rendered":"<p>\u041d\u0430\u0441\u0442\u043e\u044f\u0442\u0435\u043b\u044c \u0445\u0440\u0430\u043c\u0430 \u043f\u0440\u043f. \u0421\u0435\u0440\u0433\u0438\u044f \u0420\u0430\u0434\u043e\u043d\u0435\u0436\u0441\u043a\u043e\u0433\u043e \u0410\u0440\u0445\u0438\u0435\u043f\u0438\u0441\u043a\u043e\u043f \u0422\u0438\u0445\u043e\u043d (\u0417\u0430\u0439\u0446\u0435\u0432) \u0430\u0440\u0445\u0438\u0435\u043f\u0438\u0441\u043a\u043e\u043f \u0420\u0443\u0437\u0441\u043a\u0438\u0439, \u0443\u043f\u0440\u0430\u0432\u043b\u044f\u044e\u0449\u0438\u0439 \u0411\u0435\u0440\u043b\u0438\u043d\u0441\u043a\u043e-\u0413\u0435\u0440\u043c\u0430\u043d\u0441\u043a\u043e\u0439 \u0435\u043f\u0430\u0440\u0445\u0438\u0435\u0439 \u0420\u043e\u0434\u0438\u043b\u0441\u044f 13 \u0430\u043f\u0440\u0435\u043b\u044f 1967 \u0433. \u0432 \u041c\u043e\u0441\u043a\u0432\u0435. \u0412 1993 \u0433. \u043f\u043e\u0441\u0442\u0440\u0438\u0436\u0435\u043d \u0432 \u043c\u043e\u043d\u0430\u0448\u0435\u0441\u0442\u0432\u043e \u0441 \u0438\u043c\u0435\u043d\u0435\u043c \u0422\u0438\u0445\u043e\u043d \u0432 \u0447\u0435\u0441\u0442\u044c \u0441\u0432\u044f\u0442\u0438\u0442\u0435\u043b\u044f \u0422\u0438\u0445\u043e\u043d\u0430, \u041f\u0430\u0442\u0440\u0438\u0430\u0440\u0445\u0430 \u0412\u0441\u0435\u0440\u043e\u0441\u0441\u0438\u0439\u0441\u043a\u043e\u0433\u043e, \u0440\u0443\u043a\u043e\u043f\u043e\u043b\u043e\u0436\u0435\u043d \u0432\u043e \u0434\u0438\u0430\u043a\u043e\u043d\u0430. \u0412 1995 \u0433. \u043e\u043a\u043e\u043d\u0447\u0438\u043b \u041c\u043e\u0441\u043a\u043e\u0432\u0441\u043a\u0443\u044e \u0434\u0443\u0445\u043e\u0432\u043d\u0443\u044e \u0441\u0435\u043c\u0438\u043d\u0430\u0440\u0438\u044e \u0438 \u0430\u043a\u0430\u0434\u0435\u043c\u0438\u044e. \u041f\u0440\u0435\u043f\u043e\u0434\u0430\u0432\u0430\u043b \u043b\u0438\u0442\u0443\u0440\u0433\u0438\u043a\u0443, \u0433\u043e\u043c\u0438\u043b\u0435\u0442\u0438\u043a\u0443 \u0438 \u0434\u0440\u0435\u0432\u043d\u0435\u0433\u0440\u0435\u0447\u0435\u0441\u043a\u0438\u0439 \u044f\u0437\u044b\u043a. \u0412 1996 [&hellip;]<\/p>\n","protected":false},"author":1,"featured_media":0,"parent":0,"menu_order":0,"comment_status":"closed","ping_status":"closed","template":"page-with-title","meta":{"footnotes":""},"class_list":["post-338","page","type-page","status-publish","hentry"],"_links":{"self":[{"href":"https:\/\/heiliger-sergius-kirche.berlin\/de_de\/wp-json\/wp\/v2\/pages\/338","targetHints":{"allow":["GET"]}}],"collection":[{"href":"https:\/\/heiliger-sergius-kirche.berlin\/de_de\/wp-json\/wp\/v2\/pages"}],"about":[{"href":"https:\/\/heiliger-sergius-kirche.berlin\/de_de\/wp-json\/wp\/v2\/types\/page"}],"author":[{"embeddable":true,"href":"https:\/\/heiliger-sergius-kirche.berlin\/de_de\/wp-json\/wp\/v2\/users\/1"}],"replies":[{"embeddable":true,"href":"https:\/\/heiliger-sergius-kirche.berlin\/de_de\/wp-json\/wp\/v2\/comments?post=338"}],"version-history":[{"count":52,"href":"https:\/\/heiliger-sergius-kirche.berlin\/de_de\/wp-json\/wp\/v2\/pages\/338\/revisions"}],"predecessor-version":[{"id":1110,"href":"https:\/\/heiliger-sergius-kirche.berlin\/de_de\/wp-json\/wp\/v2\/pages\/338\/revisions\/1110"}],"wp:attachment":[{"href":"https:\/\/heiliger-sergius-kirche.berlin\/de_de\/wp-json\/wp\/v2\/media?parent=338"}],"curies":[{"name":"wp","href":"https:\/\/api.w.org\/{rel}","templated":true}]}}