{"id":111,"date":"2026-02-04T15:52:54","date_gmt":"2026-02-04T15:52:54","guid":{"rendered":"https:\/\/heiliger-sergius-kirche.berlin\/?page_id=111"},"modified":"2026-05-03T06:59:31","modified_gmt":"2026-05-03T06:59:31","slug":"%d1%80%d0%b0%d1%81%d0%bf%d0%b8%d1%81%d0%b0%d0%bd%d0%b8%d0%b5-%d0%b1%d0%be%d0%b3%d0%be%d1%81%d0%bb%d1%83%d0%b6%d0%b5%d0%bd%d0%b8%d0%b9","status":"publish","type":"page","link":"https:\/\/heiliger-sergius-kirche.berlin\/de_de\/%d1%80%d0%b0%d1%81%d0%bf%d0%b8%d1%81%d0%b0%d0%bd%d0%b8%d0%b5-%d0%b1%d0%be%d0%b3%d0%be%d1%81%d0%bb%d1%83%d0%b6%d0%b5%d0%bd%d0%b8%d0%b9\/","title":{"rendered":"Gottesdienstplan"},"content":{"rendered":"<div class=\"wp-block-group alignfull is-style-ext-preset--group--natural-1--section has-background-background-color has-background has-global-padding is-layout-constrained wp-container-core-group-is-layout-e955bbaf wp-block-group-is-layout-constrained\" style=\"margin-top:0;margin-bottom:0;padding-top:var(--wp--preset--spacing--70);padding-bottom:var(--wp--preset--spacing--70)\">\n<div class=\"wp-block-group alignwide is-vertical is-content-justification-left is-layout-flex wp-container-core-group-is-layout-214d3d4d wp-block-group-is-layout-flex\">\n<div class=\"wp-block-group has-global-padding is-layout-constrained wp-container-core-group-is-layout-2287c683 wp-block-group-is-layout-constrained\">\n<h2 class=\"wp-block-heading\">\u0420\u0430\u0441\u043f\u0438\u0441\u0430\u043d\u0438\u0435 \u0431\u043e\u0433\u043e\u0441\u043b\u0443\u0436\u0435\u043d\u0438\u0439 \u043d\u0430 \u043c\u0430\u0439<\/h2>\n<\/div>\n<\/div>\n\n\n\n<div class=\"wp-block-columns is-layout-flex wp-container-core-columns-is-layout-28f84493 wp-block-columns-is-layout-flex\">\n<div class=\"wp-block-column is-layout-flow wp-block-column-is-layout-flow\" style=\"flex-basis:100%\">\n<div class=\"wp-block-columns is-layout-flex wp-container-core-columns-is-layout-28f84493 wp-block-columns-is-layout-flex\">\n<div class=\"wp-block-column is-layout-flow wp-block-column-is-layout-flow\" style=\"flex-basis:100%\">\n<figure class=\"wp-block-table\"><table class=\"has-fixed-layout\"><tbody><tr><td><strong>Datum<\/strong><\/td><td><strong>Orthodoxer Kalender<\/strong><\/td><td><strong>Gottesdienst<\/strong><\/td><td><strong>Uhrzeit<\/strong><\/td><\/tr><tr><td><strong>2<\/strong> <strong>Sa<\/strong><\/td><td><br><\/td><td><em><strong>Vigil<\/strong><\/em><\/td><td><strong>17<\/strong><strong>:00<\/strong><\/td><\/tr><tr><td rowspan=\"2\"><strong>3<\/strong> <strong>So<\/strong><\/td><td rowspan=\"2\"><strong>\u041d\u0435\u0434\u0435\u043b\u044f 4-\u044f \u043f\u043e \u041f\u0430\u0441\u0445\u0435,<\/strong> <strong>\u043e \u0440\u0430\u0441\u0441\u043b\u0430\u0431\u043b\u0435\u043d\u043d\u043e\u043c<\/strong><\/td><td><strong>Beichte<\/strong><\/td><td><strong>9:00<\/strong><\/td><\/tr><tr><td><em><strong>Stundengebet. G\u00f6ttliche Liturgie<\/strong><\/em><\/td><td><strong>9<\/strong><strong>:30<\/strong><\/td><\/tr><tr><td><strong>9<\/strong> <strong>Sa<\/strong><\/td><td><br><\/td><td><em><strong>Vigil<\/strong><\/em><\/td><td><strong>17<\/strong><strong>:00<\/strong><\/td><\/tr><tr><td rowspan=\"2\"><strong>10<\/strong> <strong>So<\/strong><\/td><td rowspan=\"2\"><strong>\u041d\u0435\u0434\u0435\u043b\u044f 5-\u044f \u043f\u043e \u041f\u0430\u0441\u0445\u0435,<\/strong> <strong>\u043e \u0441\u0430\u043c\u0430\u0440\u044f\u043d\u044b\u043d\u0435<\/strong><\/td><td><strong>Beichte<\/strong><\/td><td><strong>9:00<\/strong><\/td><\/tr><tr><td><em><strong>Stundengebet. G\u00f6ttliche Liturgie<\/strong><\/em><\/td><td><strong>9<\/strong><strong>:30<\/strong><\/td><\/tr><tr><td><strong>16<\/strong> <strong>Sa<\/strong><\/td><td><br><\/td><td><em><strong>Vigil<\/strong><\/em><\/td><td><strong>17<\/strong><strong>:00<\/strong><\/td><\/tr><tr><td rowspan=\"2\"><strong>17<\/strong> <strong>So<\/strong><\/td><td rowspan=\"2\"><strong>\u041d\u0435\u0434\u0435\u043b\u044f 6-\u044f \u043f\u043e \u041f\u0430\u0441\u0445\u0435,<\/strong> <strong>\u043e \u0441\u043b\u0435\u043f\u043e\u043c<\/strong><\/td><td><strong>Beichte<\/strong><\/td><td><strong>9:00<\/strong><\/td><\/tr><tr><td><em><strong>Stundengebet. G\u00f6ttliche Liturgie<\/strong><\/em><\/td><td><strong>9<\/strong><strong>:30<\/strong><\/td><\/tr><tr><td rowspan=\"2\"><strong>20<\/strong> <strong>Mi<\/strong><\/td><td rowspan=\"2\"><strong>\u041e\u0442\u0434\u0430\u043d\u0438\u0435 \u043f\u0440\u0430\u0437\u0434\u043d\u0438\u043a\u0430 \u041f\u0430\u0441\u0445\u0438.<\/strong> <strong>\u041f\u0440\u0435\u0434\u043f\u0440\u0430\u0437\u0434\u043d\u0441\u0442\u0432\u043e<\/strong> <strong>\u0412\u043e\u0437\u043d\u0435\u0441\u0435\u043d\u0438\u044f \u0413\u043e\u0441\u043f\u043e\u0434\u043d\u044f<\/strong><\/td><td><em><strong>Stundengebet. G\u00f6ttliche Liturgie<\/strong><\/em> <em><strong>\u043f\u043e \u043f\u0430\u0441\u0445\u0430\u043b\u044c\u043d\u043e\u043c\u0443 \u0447\u0438\u043d\u0443<\/strong><\/em><\/td><td><strong>7<\/strong><strong>:30<\/strong><\/td><\/tr><tr><td><em><strong>\u0412\u0441\u0435\u043d\u043e\u0449\u043d\u043e\u0435 <\/strong><\/em><em><strong>\u0431\u0434\u0435\u043d\u0438\u0435 \u0441 \u043b\u0438\u0442\u0438\u0435\u0439<\/strong><\/em><\/td><td><strong>17<\/strong><strong>:00<\/strong><\/td><\/tr><tr><td rowspan=\"2\"><strong>21<\/strong> <strong>Do<\/strong><\/td><td rowspan=\"2\"><strong>\u0412\u041e\u0417\u041d\u0415\u0421\u0415\u041d\u0418\u0415 \u0413\u041e\u0421\u041f\u041e\u0414\u041d\u0415.<\/strong> <strong>\u0410\u043f\u043e\u0441\u0442\u043e\u043b\u0430 \u0438 \u0435\u0432\u0430\u043d\u0433\u0435\u043b\u0438\u0441\u0442\u0430<\/strong> <strong>\u0418\u043e\u0430\u043d\u043d\u0430 \u0411\u043e\u0433\u043e\u0441\u043b\u043e\u0432\u0430<\/strong><\/td><td><strong>Beichte<\/strong><\/td><td><strong>9:00<\/strong><\/td><\/tr><tr><td><em><strong>Stundengebet. G\u00f6ttliche Liturgie<\/strong><\/em><\/td><td><strong>9<\/strong><strong>:30<\/strong><\/td><\/tr><tr><td rowspan=\"2\"><strong>22<\/strong> <strong>Fr<\/strong><\/td><td rowspan=\"2\"><strong>\u041f\u043e\u043f\u0440\u0430\u0437\u0434\u043d\u0441\u0442\u0432\u043e \u0412\u043e\u0437\u043d\u0435\u0441\u0435\u043d\u0438\u044f \u0413\u043e\u0441\u043f\u043e\u0434\u043d\u044f.<\/strong> <strong>\u0421\u0432\u0442. \u041d\u0438\u043a\u043e\u043b\u0430\u044f, \u0430\u0440\u0445\u0438\u0435\u043f. \u041c\u0438\u0440 \u041b\u0438\u043a\u0438\u0439\u0441\u043a\u0438\u0445, \u0447\u0443\u0434\u043e\u0442\u0432\u043e\u0440\u0446\u0430<\/strong><\/td><td><strong>Beichte<\/strong><\/td><td><strong>9:00<\/strong><\/td><\/tr><tr><td><em><strong>Stundengebet. G\u00f6ttliche Liturgie<\/strong><\/em><\/td><td><strong>9<\/strong><strong>:30<\/strong><\/td><\/tr><tr><td rowspan=\"2\"><strong>24<\/strong> <strong>So<\/strong><\/td><td rowspan=\"2\"><strong>\u041d\u0435\u0434\u0435\u043b\u044f 7-\u044f \u043f\u043e \u041f\u0430\u0441\u0445\u0435, \u0441\u0432\u044f\u0442\u044b\u0445 \u043e\u0442\u0446\u043e\u0432<\/strong> <strong>\u041f\u0435\u0440\u0432\u043e\u0433\u043e \u0412\u0441\u0435\u043b\u0435\u043d\u0441\u043a\u043e\u0433\u043e \u0441\u043e\u0431\u043e\u0440\u0430.<\/strong><br><strong>\u0420\u0430\u0432\u043d\u043e\u0430\u043f\u043f. \u041a\u0438\u0440\u0438\u043b\u043b\u0430 \u0438 \u041c\u0435\u0444\u043e\u0434\u0438\u044f, \u0443\u0447\u0438\u0442\u0435\u043b\u0435\u0439 \u0421\u043b\u043e\u0432\u0435\u043d\u0441\u043a\u0438\u0445<\/strong><br><em>\u0414\u0435\u043d\u044c \u0442\u0435\u0437\u043e\u0438\u043c\u0435\u043d\u0438\u0442\u0441\u0442\u0432\u0430<\/em> <em>\u0421\u0432\u044f\u0442\u0435\u0439\u0448\u0435\u0433\u043e \u041f\u0430\u0442\u0440\u0438\u0430\u0440\u0445\u0430 \u041a\u0438\u0440\u0438\u043b\u043b\u0430<\/em><\/td><td><strong>Beichte<\/strong><\/td><td><strong>9:00<\/strong><\/td><\/tr><tr><td><em><strong>Stundengebet. G\u00f6ttliche Liturgie<\/strong><\/em><\/td><td><strong>9<\/strong><strong>:30<\/strong><\/td><\/tr><tr><td rowspan=\"3\"><strong>30<\/strong> <strong>Sa<\/strong><\/td><td rowspan=\"3\"><strong>\u0422\u0440\u043e\u0438\u0446\u043a\u0430\u044f<\/strong> <strong>\u0440\u043e\u0434\u0438\u0442\u0435\u043b\u044c\u0441\u043a\u0430\u044f \u0441\u0443\u0431\u0431\u043e\u0442\u0430<\/strong><br><em>\u041f\u0430\u043c\u044f\u0442\u044c \u0441\u043e\u0432\u0435\u0440\u0448\u0430\u0435\u043c \u0432\u0441\u0435\u0445 \u043e\u0442 \u0432\u0435\u043a\u0430 \u0443\u0441\u043e\u043f\u0448\u0438\u0445 \u043f\u0440\u0430\u0432\u043e\u0441\u043b\u0430\u0432\u043d\u044b\u0445 \u0445\u0440\u0438\u0441\u0442\u0438\u0430\u043d<\/em><\/td><td><strong>Beichte<\/strong><\/td><td><strong>9:00<\/strong><\/td><\/tr><tr><td><em><strong>Stundengebet. G\u00f6ttliche Liturgie. Totengedenkgottesdienst<\/strong><\/em><\/td><td><strong>9<\/strong><strong>:30<\/strong><\/td><\/tr><tr><td><em><strong>\u0412\u0441\u0435\u043d\u043e\u0449\u043d\u043e\u0435<\/strong><\/em><em><strong> \u0431\u0434\u0435\u043d\u0438\u0435 \u0441 \u043b\u0438\u0442\u0438\u0435\u0439<\/strong><\/em><\/td><td><strong>17<\/strong><strong>:00<\/strong><\/td><\/tr><tr><td rowspan=\"2\"><strong>31<\/strong> <strong>So<\/strong><\/td><td rowspan=\"2\"><strong>\u0414\u0415\u041d\u042c \u0421\u0412\u042f\u0422\u041e\u0419 \u0422\u0420\u041e\u0418\u0426\u042b.<\/strong> <strong>\u041f\u042f\u0422\u0418\u0414\u0415\u0421\u042f\u0422\u041d\u0418\u0426\u0410<\/strong><\/td><td><strong>Beichte<\/strong><\/td><td><strong>9:00<\/strong><\/td><\/tr><tr><td><em><strong>\u0427\u0430\u0441\u044b. \u041b\u0438\u0442\u0443\u0440\u0433\u0438\u044f.<\/strong><\/em> <em><strong>\u041a\u043e\u043b\u0435\u043d\u043e\u043f\u0440\u0435\u043a\u043b\u043e\u043d\u043d\u044b\u0435 \u043c\u043e\u043b\u0438\u0442\u0432\u044b<\/strong><\/em><\/td><td><strong>9<\/strong><strong>:30<\/strong><\/td><\/tr><\/tbody><\/table><\/figure>\n<\/div>\n<\/div>\n<\/div>\n<\/div>\n\n\n\n<div class=\"wp-block-columns alignwide is-layout-flex wp-container-core-columns-is-layout-08c01c1c wp-block-columns-is-layout-flex\">\n<div class=\"wp-block-column is-layout-flow wp-block-column-is-layout-flow\">\n<div class=\"wp-block-group is-style-ext-preset--group--natural-1--item-card-1--align-start has-global-padding is-layout-constrained wp-block-group-is-layout-constrained is-style-ext-preset--group--natural-1--item-card-1--align-start--2\">\n<figure class=\"wp-block-image size-large\"><img loading=\"lazy\" decoding=\"async\" width=\"1024\" height=\"768\" src=\"https:\/\/heiliger-sergius-kirche.berlin\/wp-content\/uploads\/2026\/03\/WhatsApp-Image-2026-01-0817.21.09-1-1024x768.jpeg\" alt=\"\" class=\"wp-image-1069\" style=\"aspect-ratio:4\/3;object-fit:cover\" srcset=\"https:\/\/heiliger-sergius-kirche.berlin\/wp-content\/uploads\/2026\/03\/WhatsApp-Image-2026-01-0817.21.09-1-1024x768.jpeg 1024w, https:\/\/heiliger-sergius-kirche.berlin\/wp-content\/uploads\/2026\/03\/WhatsApp-Image-2026-01-0817.21.09-1-300x225.jpeg 300w, https:\/\/heiliger-sergius-kirche.berlin\/wp-content\/uploads\/2026\/03\/WhatsApp-Image-2026-01-0817.21.09-1-768x576.jpeg 768w, https:\/\/heiliger-sergius-kirche.berlin\/wp-content\/uploads\/2026\/03\/WhatsApp-Image-2026-01-0817.21.09-1-1536x1152.jpeg 1536w, https:\/\/heiliger-sergius-kirche.berlin\/wp-content\/uploads\/2026\/03\/WhatsApp-Image-2026-01-0817.21.09-1-16x12.jpeg 16w, https:\/\/heiliger-sergius-kirche.berlin\/wp-content\/uploads\/2026\/03\/WhatsApp-Image-2026-01-0817.21.09-1.jpeg 1600w\" sizes=\"auto, (max-width: 1024px) 100vw, 1024px\" \/><\/figure>\n\n\n\n<div class=\"wp-block-group is-style-default has-global-padding is-layout-constrained wp-block-group-is-layout-constrained\">\n<h3 class=\"wp-block-heading\">Sonnt\u00e4gliche G\u00f6ttliche Liturgie<\/h3>\n\n\n\n<div class=\"wp-block-group is-nowrap is-layout-flex wp-container-core-group-is-layout-6fee25ed wp-block-group-is-layout-flex\" style=\"margin-top:24px;padding-top:0;padding-right:0;padding-bottom:0;padding-left:0\">\n<div class=\"wp-block-group is-nowrap is-layout-flex wp-container-core-group-is-layout-2ca071df wp-block-group-is-layout-flex\" style=\"padding-top:0;padding-right:0;padding-bottom:0;padding-left:0\">\n<figure class=\"wp-block-image size-large wp-container-content-c42f3963 wp-duotone-primary-foreground\"><img decoding=\"async\" src=\"data:image\/svg+xml;base64,PHN2ZyB4bWxucz0iaHR0cDovL3d3dy53My5vcmcvMjAwMC9zdmciIHdpZHRoPSIyNCIgaGVpZ2h0PSIyNCIgZmlsbD0iIzAwMDAwMCIgdmlld0JveD0iMCAwIDI1NiAyNTYiPjxwYXRoIGQ9Ik0yMDgsMzJIMTg0VjI0YTgsOCwwLDAsMC0xNiwwdjhIODhWMjRhOCw4LDAsMCwwLTE2LDB2OEg0OEExNiwxNiwwLDAsMCwzMiw0OFYyMDhhMTYsMTYsMCwwLDAsMTYsMTZIMjA4YTE2LDE2LDAsMCwwLDE2LTE2VjQ4QTE2LDE2LDAsMCwwLDIwOCwzMlpNNzIsNDh2OGE4LDgsMCwwLDAsMTYsMFY0OGg4MHY4YTgsOCwwLDAsMCwxNiwwVjQ4aDI0VjgwSDQ4VjQ4Wk0yMDgsMjA4SDQ4Vjk2SDIwOFYyMDhabS02OC03NmExMiwxMiwwLDEsMS0xMi0xMkExMiwxMiwwLDAsMSwxNDAsMTMyWm00NCwwYTEyLDEyLDAsMSwxLTEyLTEyQTEyLDEyLDAsMCwxLDE4NCwxMzJaTTk2LDE3MmExMiwxMiwwLDEsMS0xMi0xMkExMiwxMiwwLDAsMSw5NiwxNzJabTQ0LDBhMTIsMTIsMCwxLDEtMTItMTJBMTIsMTIsMCwwLDEsMTQwLDE3MlptNDQsMGExMiwxMiwwLDEsMS0xMi0xMkExMiwxMiwwLDAsMSwxODQsMTcyWiI+PC9wYXRoPjwvc3ZnPg==\" alt=\"\"\/><\/figure>\n\n\n\n<p class=\"wp-container-content-9cfa9a5a\" style=\"font-size:clamp(14px, 0.875rem + ((1vw - 3.2px) * 0.417), 18px);\">9:30<\/p>\n<\/div>\n\n\n\n<div class=\"wp-block-group is-nowrap is-layout-flex wp-container-core-group-is-layout-2ca071df wp-block-group-is-layout-flex\" style=\"padding-top:0;padding-right:0;padding-bottom:0;padding-left:0\"><\/div>\n<\/div>\n\n\n\n<p class=\"wp-container-content-9cfa9a5a\" style=\"font-size:clamp(14px, 0.875rem + ((1vw - 3.2px) * 0.417), 18px);\">Wildensteiner Str. 10, 10318 Berlin  <\/p>\n\n\n\n<p>Die sonnt\u00e4gliche G\u00f6ttliche Liturgie wird regelm\u00e4\u00dfig in unserer Kirche gefeiert<\/p>\n\n\n\n<p>09:00 \u2014 Beichte<\/p>\n\n\n\n<p>09:30 \u2014 Stundengebet<\/p>\n<\/div>\n<\/div>\n<\/div>\n\n\n\n<div class=\"wp-block-column is-layout-flow wp-block-column-is-layout-flow\">\n<div class=\"wp-block-group is-style-ext-preset--group--natural-1--item-card-1--align-start has-global-padding is-layout-constrained wp-block-group-is-layout-constrained is-style-ext-preset--group--natural-1--item-card-1--align-start--3\">\n<figure class=\"wp-block-image size-full\"><img loading=\"lazy\" decoding=\"async\" width=\"900\" height=\"600\" src=\"https:\/\/heiliger-sergius-kirche.berlin\/wp-content\/uploads\/2026\/02\/hl-serg1.jpg\" alt=\"\" class=\"wp-image-874\" style=\"aspect-ratio:4\/3;object-fit:cover\" srcset=\"https:\/\/heiliger-sergius-kirche.berlin\/wp-content\/uploads\/2026\/02\/hl-serg1.jpg 900w, https:\/\/heiliger-sergius-kirche.berlin\/wp-content\/uploads\/2026\/02\/hl-serg1-300x200.jpg 300w, https:\/\/heiliger-sergius-kirche.berlin\/wp-content\/uploads\/2026\/02\/hl-serg1-768x512.jpg 768w, https:\/\/heiliger-sergius-kirche.berlin\/wp-content\/uploads\/2026\/02\/hl-serg1-18x12.jpg 18w\" sizes=\"auto, (max-width: 900px) 100vw, 900px\" \/><\/figure>\n\n\n\n<div class=\"wp-block-group is-style-default has-global-padding is-layout-constrained wp-block-group-is-layout-constrained\">\n<h3 class=\"wp-block-heading\">Vigil am Sonnabend und an Feiertagen<\/h3>\n\n\n\n<div class=\"wp-block-group is-nowrap is-layout-flex wp-container-core-group-is-layout-6fee25ed wp-block-group-is-layout-flex\" style=\"margin-top:24px;padding-top:0;padding-right:0;padding-bottom:0;padding-left:0\">\n<div class=\"wp-block-group is-nowrap is-layout-flex wp-container-core-group-is-layout-2ca071df wp-block-group-is-layout-flex\" style=\"padding-top:0;padding-right:0;padding-bottom:0;padding-left:0\">\n<figure class=\"wp-block-image size-large wp-container-content-c42f3963 wp-duotone-primary-foreground\"><img decoding=\"async\" src=\"data:image\/svg+xml;base64,PHN2ZyB4bWxucz0iaHR0cDovL3d3dy53My5vcmcvMjAwMC9zdmciIHdpZHRoPSIyNCIgaGVpZ2h0PSIyNCIgZmlsbD0iIzAwMDAwMCIgdmlld0JveD0iMCAwIDI1NiAyNTYiPjxwYXRoIGQ9Ik0yMDgsMzJIMTg0VjI0YTgsOCwwLDAsMC0xNiwwdjhIODhWMjRhOCw4LDAsMCwwLTE2LDB2OEg0OEExNiwxNiwwLDAsMCwzMiw0OFYyMDhhMTYsMTYsMCwwLDAsMTYsMTZIMjA4YTE2LDE2LDAsMCwwLDE2LTE2VjQ4QTE2LDE2LDAsMCwwLDIwOCwzMlpNNzIsNDh2OGE4LDgsMCwwLDAsMTYsMFY0OGg4MHY4YTgsOCwwLDAsMCwxNiwwVjQ4aDI0VjgwSDQ4VjQ4Wk0yMDgsMjA4SDQ4Vjk2SDIwOFYyMDhabS02OC03NmExMiwxMiwwLDEsMS0xMi0xMkExMiwxMiwwLDAsMSwxNDAsMTMyWm00NCwwYTEyLDEyLDAsMSwxLTEyLTEyQTEyLDEyLDAsMCwxLDE4NCwxMzJaTTk2LDE3MmExMiwxMiwwLDEsMS0xMi0xMkExMiwxMiwwLDAsMSw5NiwxNzJabTQ0LDBhMTIsMTIsMCwxLDEtMTItMTJBMTIsMTIsMCwwLDEsMTQwLDE3MlptNDQsMGExMiwxMiwwLDEsMS0xMi0xMkExMiwxMiwwLDAsMSwxODQsMTcyWiI+PC9wYXRoPjwvc3ZnPg==\" alt=\"\"\/><\/figure>\n\n\n\n<p class=\"wp-container-content-9cfa9a5a\" style=\"font-size:clamp(14px, 0.875rem + ((1vw - 3.2px) * 0.417), 18px);\">17:00<\/p>\n<\/div>\n\n\n\n<div class=\"wp-block-group is-nowrap is-layout-flex wp-container-core-group-is-layout-2ca071df wp-block-group-is-layout-flex\" style=\"padding-top:0;padding-right:0;padding-bottom:0;padding-left:0\"><\/div>\n<\/div>\n\n\n\n<p>Wildensteiner Str. 10, 10318 Berlin<\/p>\n<\/div>\n<\/div>\n\n\n\n<p>Am Sonnabend sowie am Vorabend der Zw\u00f6lf- und gro\u00dfen Feste wird in unserer Kirche die Vigil gefeiert.<\/p>\n\n\n\n<p>Bitte beachten Sie den obenstehenden Gottesdienstplan.<\/p>\n<\/div>\n<\/div>\n<\/div>","protected":false},"excerpt":{"rendered":"<p>\u0420\u0430\u0441\u043f\u0438\u0441\u0430\u043d\u0438\u0435 \u0431\u043e\u0433\u043e\u0441\u043b\u0443\u0436\u0435\u043d\u0438\u0439 \u043d\u0430 \u043c\u0430\u0439 \u0414\u0430\u0442\u0430 \u041c\u0435\u0441\u044f\u0446\u0435\u0441\u043b\u043e\u0432 \u0411\u043e\u0433\u043e\u0441\u043b\u0443\u0436\u0435\u043d\u0438\u0435 \u0412\u0440\u0435\u043c\u044f 2 \u0421\u0431 \u0412\u0441\u0435\u043d\u043e\u0449\u043d\u043e\u0435 \u0431\u0434\u0435\u043d\u0438\u0435 17:00 3 \u0412\u0441 \u041d\u0435\u0434\u0435\u043b\u044f 4-\u044f \u043f\u043e \u041f\u0430\u0441\u0445\u0435, \u043e \u0440\u0430\u0441\u0441\u043b\u0430\u0431\u043b\u0435\u043d\u043d\u043e\u043c \u0418\u0441\u043f\u043e\u0432\u0435\u0434\u044c 9:00 \u0427\u0430\u0441\u044b. \u0411\u043e\u0436\u0435\u0441\u0442\u0432\u0435\u043d\u043d\u0430\u044f \u043b\u0438\u0442\u0443\u0440\u0433\u0438\u044f 9:30 9 \u0421\u0431 \u0412\u0441\u0435\u043d\u043e\u0449\u043d\u043e\u0435 \u0431\u0434\u0435\u043d\u0438\u0435 17:00 10 \u0412\u0441 \u041d\u0435\u0434\u0435\u043b\u044f 5-\u044f \u043f\u043e \u041f\u0430\u0441\u0445\u0435, \u043e \u0441\u0430\u043c\u0430\u0440\u044f\u043d\u044b\u043d\u0435 \u0418\u0441\u043f\u043e\u0432\u0435\u0434\u044c 9:00 \u0427\u0430\u0441\u044b. \u0411\u043e\u0436\u0435\u0441\u0442\u0432\u0435\u043d\u043d\u0430\u044f \u043b\u0438\u0442\u0443\u0440\u0433\u0438\u044f 9:30 16 \u0421\u0431 \u0412\u0441\u0435\u043d\u043e\u0449\u043d\u043e\u0435 \u0431\u0434\u0435\u043d\u0438\u0435 17:00 17 \u0412\u0441 \u041d\u0435\u0434\u0435\u043b\u044f 6-\u044f [&hellip;]<\/p>\n","protected":false},"author":1,"featured_media":0,"parent":0,"menu_order":0,"comment_status":"closed","ping_status":"closed","template":"page-with-title","meta":{"footnotes":""},"class_list":["post-111","page","type-page","status-publish","hentry"],"_links":{"self":[{"href":"https:\/\/heiliger-sergius-kirche.berlin\/de_de\/wp-json\/wp\/v2\/pages\/111","targetHints":{"allow":["GET"]}}],"collection":[{"href":"https:\/\/heiliger-sergius-kirche.berlin\/de_de\/wp-json\/wp\/v2\/pages"}],"about":[{"href":"https:\/\/heiliger-sergius-kirche.berlin\/de_de\/wp-json\/wp\/v2\/types\/page"}],"author":[{"embeddable":true,"href":"https:\/\/heiliger-sergius-kirche.berlin\/de_de\/wp-json\/wp\/v2\/users\/1"}],"replies":[{"embeddable":true,"href":"https:\/\/heiliger-sergius-kirche.berlin\/de_de\/wp-json\/wp\/v2\/comments?post=111"}],"version-history":[{"count":98,"href":"https:\/\/heiliger-sergius-kirche.berlin\/de_de\/wp-json\/wp\/v2\/pages\/111\/revisions"}],"predecessor-version":[{"id":1579,"href":"https:\/\/heiliger-sergius-kirche.berlin\/de_de\/wp-json\/wp\/v2\/pages\/111\/revisions\/1579"}],"wp:attachment":[{"href":"https:\/\/heiliger-sergius-kirche.berlin\/de_de\/wp-json\/wp\/v2\/media?parent=111"}],"curies":[{"name":"wp","href":"https:\/\/api.w.org\/{rel}","templated":true}]}}